{"id":1542,"date":"2024-03-05T14:20:30","date_gmt":"2024-03-05T14:20:30","guid":{"rendered":"https:\/\/tulpaconsultores.com\/es\/?page_id=1542"},"modified":"2024-03-14T17:40:26","modified_gmt":"2024-03-14T17:40:26","slug":"servicios","status":"publish","type":"page","link":"https:\/\/tulpaconsultores.com\/es\/servicios\/","title":{"rendered":"Servicios"},"content":{"rendered":"\t\t<div data-elementor-type=\"wp-page\" data-elementor-id=\"1542\" class=\"elementor elementor-1542\">\n\t\t\t\t\t\t<section class=\"elementor-section elementor-top-section elementor-element elementor-element-59f48b1 elementor-section-full_width elementor-section-stretched elementor-section-height-default elementor-section-height-default\" data-id=\"59f48b1\" data-element_type=\"section\" data-e-type=\"section\" data-settings=\"{&quot;stretch_section&quot;:&quot;section-stretched&quot;,&quot;background_background&quot;:&quot;classic&quot;}\">\n\t\t\t\t\t\t<div class=\"elementor-container elementor-column-gap-no\">\n\t\t\t\t\t<div class=\"elementor-column elementor-col-100 elementor-top-column elementor-element elementor-element-081e051\" data-id=\"081e051\" data-element_type=\"column\" data-e-type=\"column\">\n\t\t\t<div class=\"elementor-widget-wrap elementor-element-populated\">\n\t\t\t\t\t\t<div class=\"elementor-element elementor-element-3a9816d elementor-widget elementor-widget-spacer\" data-id=\"3a9816d\" data-element_type=\"widget\" data-e-type=\"widget\" data-widget_type=\"spacer.default\">\n\t\t\t\t<div class=\"elementor-widget-container\">\n\t\t\t\t\t\t\t<div class=\"elementor-spacer\">\n\t\t\t<div class=\"elementor-spacer-inner\"><\/div>\n\t\t<\/div>\n\t\t\t\t\t\t<\/div>\n\t\t\t\t<\/div>\n\t\t\t\t<div class=\"elementor-element elementor-element-a758472 elementor-widget elementor-widget-text-editor\" data-id=\"a758472\" data-element_type=\"widget\" data-e-type=\"widget\" data-widget_type=\"text-editor.default\">\n\t\t\t\t<div class=\"elementor-widget-container\">\n\t\t\t\t\t\t\t\t\t<p>Portafolio de soluciones<\/p>\t\t\t\t\t\t\t\t<\/div>\n\t\t\t\t<\/div>\n\t\t\t\t<div class=\"elementor-element elementor-element-2772e77 elementor-widget elementor-widget-spacer\" data-id=\"2772e77\" data-element_type=\"widget\" data-e-type=\"widget\" data-widget_type=\"spacer.default\">\n\t\t\t\t<div class=\"elementor-widget-container\">\n\t\t\t\t\t\t\t<div class=\"elementor-spacer\">\n\t\t\t<div class=\"elementor-spacer-inner\"><\/div>\n\t\t<\/div>\n\t\t\t\t\t\t<\/div>\n\t\t\t\t<\/div>\n\t\t\t\t\t<\/div>\n\t\t<\/div>\n\t\t\t\t\t<\/div>\n\t\t<\/section>\n\t\t\t\t<section class=\"elementor-section elementor-top-section elementor-element elementor-element-1cbbe65 elementor-section-boxed elementor-section-height-default elementor-section-height-default\" data-id=\"1cbbe65\" data-element_type=\"section\" data-e-type=\"section\">\n\t\t\t\t\t\t<div class=\"elementor-container elementor-column-gap-extended\">\n\t\t\t\t\t<div class=\"elementor-column elementor-col-66 elementor-top-column elementor-element elementor-element-075b878\" data-id=\"075b878\" data-element_type=\"column\" data-e-type=\"column\">\n\t\t\t<div class=\"elementor-widget-wrap elementor-element-populated\">\n\t\t\t\t\t\t<div class=\"elementor-element elementor-element-11400c1 elementor-widget elementor-widget-heading\" data-id=\"11400c1\" data-element_type=\"widget\" data-e-type=\"widget\" data-widget_type=\"heading.default\">\n\t\t\t\t<div class=\"elementor-widget-container\">\n\t\t\t\t\t<h2 class=\"elementor-heading-title elementor-size-default\">Estudios Socioculturales\n<\/h2>\t\t\t\t<\/div>\n\t\t\t\t<\/div>\n\t\t\t\t<div class=\"elementor-element elementor-element-49d254b elementor-widget elementor-widget-text-editor\" data-id=\"49d254b\" data-element_type=\"widget\" data-e-type=\"widget\" data-widget_type=\"text-editor.default\">\n\t\t\t\t<div class=\"elementor-widget-container\">\n\t\t\t\t\t\t\t\t\t<p>Investigaciones que se enfocan en comprender y analizar las interacciones entre la sociedad y la cultura. Realizamos inmersiones en el contexto de los grupos de inter\u00e9s que se quieren investigar, utilizamos m\u00e9todos y enfoques interdisciplinarios para entender, comprender y explicar temas como la identidad cultural, la diversidad, la socializaci\u00f3n, las pr\u00e1cticas culturales, los sistemas de creencias, las estructuras sociales y las din\u00e1micas de poder, esto con el objetivo de obtener una comprensi\u00f3n profunda de su vida cotidiana, creencias, valores y comportamientos, que se utilizan como insumos para el dise\u00f1o de estrategias. <\/p>\t\t\t\t\t\t\t\t<\/div>\n\t\t\t\t<\/div>\n\t\t\t\t<div class=\"elementor-element elementor-element-5018fee elementor-mobile-align-center elementor-widget elementor-widget-button\" data-id=\"5018fee\" data-element_type=\"widget\" data-e-type=\"widget\" data-widget_type=\"button.default\">\n\t\t\t\t<div class=\"elementor-widget-container\">\n\t\t\t\t\t\t\t\t\t<div class=\"elementor-button-wrapper\">\n\t\t\t\t\t<a class=\"elementor-button elementor-button-link elementor-size-sm\" href=\"https:\/\/tulpaconsultores.com\/es\/contacto-2\">\n\t\t\t\t\t\t<span class=\"elementor-button-content-wrapper\">\n\t\t\t\t\t\t\t\t\t<span class=\"elementor-button-text\">Conoce m\u00e1s<\/span>\n\t\t\t\t\t<\/span>\n\t\t\t\t\t<\/a>\n\t\t\t\t<\/div>\n\t\t\t\t\t\t\t\t<\/div>\n\t\t\t\t<\/div>\n\t\t\t\t\t<\/div>\n\t\t<\/div>\n\t\t\t\t<div class=\"elementor-column elementor-col-33 elementor-top-column elementor-element elementor-element-50eef61\" data-id=\"50eef61\" data-element_type=\"column\" data-e-type=\"column\">\n\t\t\t<div class=\"elementor-widget-wrap elementor-element-populated\">\n\t\t\t\t\t\t<div class=\"elementor-element elementor-element-a9d7af6 elementor-widget elementor-widget-image\" data-id=\"a9d7af6\" data-element_type=\"widget\" data-e-type=\"widget\" data-widget_type=\"image.default\">\n\t\t\t\t<div class=\"elementor-widget-container\">\n\t\t\t\t\t\t\t\t\t\t\t\t\t\t\t<img fetchpriority=\"high\" decoding=\"async\" width=\"2560\" height=\"1920\" src=\"https:\/\/tulpaconsultores.com\/es\/wp-content\/uploads\/2024\/03\/IMG_1372-scaled.jpg\" class=\"attachment-full size-full wp-image-1704\" alt=\"\" srcset=\"https:\/\/tulpaconsultores.com\/es\/wp-content\/uploads\/2024\/03\/IMG_1372-scaled.jpg 2560w, https:\/\/tulpaconsultores.com\/es\/wp-content\/uploads\/2024\/03\/IMG_1372-300x225.jpg 300w, https:\/\/tulpaconsultores.com\/es\/wp-content\/uploads\/2024\/03\/IMG_1372-1024x768.jpg 1024w, https:\/\/tulpaconsultores.com\/es\/wp-content\/uploads\/2024\/03\/IMG_1372-768x576.jpg 768w, https:\/\/tulpaconsultores.com\/es\/wp-content\/uploads\/2024\/03\/IMG_1372-1536x1152.jpg 1536w, https:\/\/tulpaconsultores.com\/es\/wp-content\/uploads\/2024\/03\/IMG_1372-2048x1536.jpg 2048w\" sizes=\"(max-width: 2560px) 100vw, 2560px\" \/>\t\t\t\t\t\t\t\t\t\t\t\t\t\t\t<\/div>\n\t\t\t\t<\/div>\n\t\t\t\t\t<\/div>\n\t\t<\/div>\n\t\t\t\t\t<\/div>\n\t\t<\/section>\n\t\t\t\t<section class=\"elementor-section elementor-top-section elementor-element elementor-element-cd31384 elementor-section-stretched elementor-section-boxed elementor-section-height-default elementor-section-height-default\" data-id=\"cd31384\" data-element_type=\"section\" data-e-type=\"section\" data-settings=\"{&quot;stretch_section&quot;:&quot;section-stretched&quot;,&quot;background_background&quot;:&quot;classic&quot;}\">\n\t\t\t\t\t\t<div class=\"elementor-container elementor-column-gap-extended\">\n\t\t\t\t\t<div class=\"elementor-column elementor-col-33 elementor-top-column elementor-element elementor-element-c5e1a32\" data-id=\"c5e1a32\" data-element_type=\"column\" data-e-type=\"column\">\n\t\t\t<div class=\"elementor-widget-wrap elementor-element-populated\">\n\t\t\t\t\t\t<div class=\"elementor-element elementor-element-193031e elementor-widget elementor-widget-image\" data-id=\"193031e\" data-element_type=\"widget\" data-e-type=\"widget\" data-widget_type=\"image.default\">\n\t\t\t\t<div class=\"elementor-widget-container\">\n\t\t\t\t\t\t\t\t\t\t\t\t\t\t\t<img decoding=\"async\" width=\"2560\" height=\"1920\" src=\"https:\/\/tulpaconsultores.com\/es\/wp-content\/uploads\/2023\/05\/IMG_3278-scaled.jpg\" class=\"attachment-full size-full wp-image-890\" alt=\"Programas de creaci\u00f3n\" srcset=\"https:\/\/tulpaconsultores.com\/es\/wp-content\/uploads\/2023\/05\/IMG_3278-scaled.jpg 2560w, https:\/\/tulpaconsultores.com\/es\/wp-content\/uploads\/2023\/05\/IMG_3278-300x225.jpg 300w, https:\/\/tulpaconsultores.com\/es\/wp-content\/uploads\/2023\/05\/IMG_3278-1024x768.jpg 1024w, https:\/\/tulpaconsultores.com\/es\/wp-content\/uploads\/2023\/05\/IMG_3278-768x576.jpg 768w, https:\/\/tulpaconsultores.com\/es\/wp-content\/uploads\/2023\/05\/IMG_3278-1536x1152.jpg 1536w, https:\/\/tulpaconsultores.com\/es\/wp-content\/uploads\/2023\/05\/IMG_3278-2048x1536.jpg 2048w, https:\/\/tulpaconsultores.com\/es\/wp-content\/uploads\/2023\/05\/IMG_3278-510x382.jpg 510w, https:\/\/tulpaconsultores.com\/es\/wp-content\/uploads\/2023\/05\/IMG_3278-1080x810.jpg 1080w\" sizes=\"(max-width: 2560px) 100vw, 2560px\" \/>\t\t\t\t\t\t\t\t\t\t\t\t\t\t\t<\/div>\n\t\t\t\t<\/div>\n\t\t\t\t\t<\/div>\n\t\t<\/div>\n\t\t\t\t<div class=\"elementor-column elementor-col-66 elementor-top-column elementor-element elementor-element-c7364f9\" data-id=\"c7364f9\" data-element_type=\"column\" data-e-type=\"column\">\n\t\t\t<div class=\"elementor-widget-wrap elementor-element-populated\">\n\t\t\t\t\t\t<div class=\"elementor-element elementor-element-7812eee elementor-widget__width-initial elementor-widget elementor-widget-heading\" data-id=\"7812eee\" data-element_type=\"widget\" data-e-type=\"widget\" data-widget_type=\"heading.default\">\n\t\t\t\t<div class=\"elementor-widget-container\">\n\t\t\t\t\t<h2 class=\"elementor-heading-title elementor-size-default\">Programas de creaci\u00f3n conjunta\n<\/h2>\t\t\t\t<\/div>\n\t\t\t\t<\/div>\n\t\t\t\t<div class=\"elementor-element elementor-element-2a5bf12 elementor-widget__width-initial elementor-widget elementor-widget-text-editor\" data-id=\"2a5bf12\" data-element_type=\"widget\" data-e-type=\"widget\" data-widget_type=\"text-editor.default\">\n\t\t\t\t<div class=\"elementor-widget-container\">\n\t\t\t\t\t\t\t\t\t<p>Iniciativas en las que diferentes actores o partes interesadas trabajan de manera colaborativa para desarrollar soluciones, productos o proyectos de forma conjunta. En el dise\u00f1o de estos programas las personas involucradas comparten recursos, conocimientos, habilidades y perspectivas con el objetivo de generar resultados innovadores y satisfactorios para todas las partes, de esta manera se fomenta la construcci\u00f3n de relaciones de confianza, la empat\u00eda y el trabajo colaborativo. Con esta metodolog\u00eda se obtienen resultados novedosos y productivos en el dise\u00f1o de estrategias orientadas a reputaci\u00f3n corporativa, sostenibilidad y cultura organizacional.<\/p>\t\t\t\t\t\t\t\t<\/div>\n\t\t\t\t<\/div>\n\t\t\t\t<div class=\"elementor-element elementor-element-3472ef0 elementor-mobile-align-center elementor-widget__width-initial elementor-widget elementor-widget-button\" data-id=\"3472ef0\" data-element_type=\"widget\" data-e-type=\"widget\" data-widget_type=\"button.default\">\n\t\t\t\t<div class=\"elementor-widget-container\">\n\t\t\t\t\t\t\t\t\t<div class=\"elementor-button-wrapper\">\n\t\t\t\t\t<a class=\"elementor-button elementor-button-link elementor-size-sm\" href=\"https:\/\/tulpaconsultores.com\/es\/contacto-2\">\n\t\t\t\t\t\t<span class=\"elementor-button-content-wrapper\">\n\t\t\t\t\t\t\t\t\t<span class=\"elementor-button-text\">Conoce m\u00e1s<\/span>\n\t\t\t\t\t<\/span>\n\t\t\t\t\t<\/a>\n\t\t\t\t<\/div>\n\t\t\t\t\t\t\t\t<\/div>\n\t\t\t\t<\/div>\n\t\t\t\t\t<\/div>\n\t\t<\/div>\n\t\t\t\t\t<\/div>\n\t\t<\/section>\n\t\t\t\t<section class=\"elementor-section elementor-top-section elementor-element elementor-element-37fdeb3 elementor-section-boxed elementor-section-height-default elementor-section-height-default\" data-id=\"37fdeb3\" data-element_type=\"section\" data-e-type=\"section\">\n\t\t\t\t\t\t<div class=\"elementor-container elementor-column-gap-extended\">\n\t\t\t\t\t<div class=\"elementor-column elementor-col-66 elementor-top-column elementor-element elementor-element-d802e46\" data-id=\"d802e46\" data-element_type=\"column\" data-e-type=\"column\">\n\t\t\t<div class=\"elementor-widget-wrap elementor-element-populated\">\n\t\t\t\t\t\t<div class=\"elementor-element elementor-element-95657af elementor-widget elementor-widget-heading\" data-id=\"95657af\" data-element_type=\"widget\" data-e-type=\"widget\" data-widget_type=\"heading.default\">\n\t\t\t\t<div class=\"elementor-widget-container\">\n\t\t\t\t\t<h2 class=\"elementor-heading-title elementor-size-default\">C\u00edrculos de formaci\u00f3n\n<\/h2>\t\t\t\t<\/div>\n\t\t\t\t<\/div>\n\t\t\t\t<div class=\"elementor-element elementor-element-a46cd7d elementor-widget elementor-widget-text-editor\" data-id=\"a46cd7d\" data-element_type=\"widget\" data-e-type=\"widget\" data-widget_type=\"text-editor.default\">\n\t\t\t\t<div class=\"elementor-widget-container\">\n\t\t\t\t\t\t\t\t\t<p>Por medio de talleres l\u00fadicos, din\u00e1micos y de manera colaborativa trabajamos en temas, como desarrollo personal, crecimiento profesional, habilidades espec\u00edficas y tem\u00e1ticas culturales. Estos espacios de formaci\u00f3n promueven la reflexi\u00f3n cr\u00edtica, el pensamiento creativo y la construcci\u00f3n de conocimiento compartido. En los c\u00edrculos de formaci\u00f3n los facilitadores brindan estructura y gu\u00edan el proceso de aprendizaje, asegur\u00e1ndose de que se respeten los objetivos y las normas establecidas por el grupo. <\/p>\t\t\t\t\t\t\t\t<\/div>\n\t\t\t\t<\/div>\n\t\t\t\t<div class=\"elementor-element elementor-element-35ff3c8 elementor-mobile-align-center elementor-widget elementor-widget-button\" data-id=\"35ff3c8\" data-element_type=\"widget\" data-e-type=\"widget\" data-widget_type=\"button.default\">\n\t\t\t\t<div class=\"elementor-widget-container\">\n\t\t\t\t\t\t\t\t\t<div class=\"elementor-button-wrapper\">\n\t\t\t\t\t<a class=\"elementor-button elementor-button-link elementor-size-sm\" href=\"https:\/\/tulpaconsultores.com\/es\/contacto-2\">\n\t\t\t\t\t\t<span class=\"elementor-button-content-wrapper\">\n\t\t\t\t\t\t\t\t\t<span class=\"elementor-button-text\">Conoce m\u00e1s<\/span>\n\t\t\t\t\t<\/span>\n\t\t\t\t\t<\/a>\n\t\t\t\t<\/div>\n\t\t\t\t\t\t\t\t<\/div>\n\t\t\t\t<\/div>\n\t\t\t\t\t<\/div>\n\t\t<\/div>\n\t\t\t\t<div class=\"elementor-column elementor-col-33 elementor-top-column elementor-element elementor-element-0d4be07\" data-id=\"0d4be07\" data-element_type=\"column\" data-e-type=\"column\">\n\t\t\t<div class=\"elementor-widget-wrap elementor-element-populated\">\n\t\t\t\t\t\t<div class=\"elementor-element elementor-element-6f906b8 elementor-widget elementor-widget-image\" data-id=\"6f906b8\" data-element_type=\"widget\" data-e-type=\"widget\" data-widget_type=\"image.default\">\n\t\t\t\t<div class=\"elementor-widget-container\">\n\t\t\t\t\t\t\t\t\t\t\t\t\t\t\t<img decoding=\"async\" width=\"2560\" height=\"1920\" src=\"https:\/\/tulpaconsultores.com\/es\/wp-content\/uploads\/2023\/05\/IMG_5445-scaled.jpg\" class=\"attachment-full size-full wp-image-896\" alt=\"Circulos de formaci\u00f3n\" srcset=\"https:\/\/tulpaconsultores.com\/es\/wp-content\/uploads\/2023\/05\/IMG_5445-scaled.jpg 2560w, https:\/\/tulpaconsultores.com\/es\/wp-content\/uploads\/2023\/05\/IMG_5445-300x225.jpg 300w, https:\/\/tulpaconsultores.com\/es\/wp-content\/uploads\/2023\/05\/IMG_5445-1024x768.jpg 1024w, https:\/\/tulpaconsultores.com\/es\/wp-content\/uploads\/2023\/05\/IMG_5445-768x576.jpg 768w, https:\/\/tulpaconsultores.com\/es\/wp-content\/uploads\/2023\/05\/IMG_5445-1536x1152.jpg 1536w, https:\/\/tulpaconsultores.com\/es\/wp-content\/uploads\/2023\/05\/IMG_5445-2048x1536.jpg 2048w, https:\/\/tulpaconsultores.com\/es\/wp-content\/uploads\/2023\/05\/IMG_5445-510x382.jpg 510w, https:\/\/tulpaconsultores.com\/es\/wp-content\/uploads\/2023\/05\/IMG_5445-1080x810.jpg 1080w\" sizes=\"(max-width: 2560px) 100vw, 2560px\" \/>\t\t\t\t\t\t\t\t\t\t\t\t\t\t\t<\/div>\n\t\t\t\t<\/div>\n\t\t\t\t\t<\/div>\n\t\t<\/div>\n\t\t\t\t\t<\/div>\n\t\t<\/section>\n\t\t\t\t<section class=\"elementor-section elementor-top-section elementor-element elementor-element-c17c2f1 elementor-section-boxed elementor-section-height-default elementor-section-height-default\" data-id=\"c17c2f1\" data-element_type=\"section\" data-e-type=\"section\">\n\t\t\t\t\t\t<div class=\"elementor-container elementor-column-gap-default\">\n\t\t\t\t\t<div class=\"elementor-column elementor-col-100 elementor-top-column elementor-element elementor-element-f2bc662\" data-id=\"f2bc662\" data-element_type=\"column\" data-e-type=\"column\">\n\t\t\t<div class=\"elementor-widget-wrap elementor-element-populated\">\n\t\t\t\t\t\t<div class=\"elementor-element elementor-element-f3695fe elementor-widget elementor-widget-spacer\" data-id=\"f3695fe\" data-element_type=\"widget\" data-e-type=\"widget\" data-widget_type=\"spacer.default\">\n\t\t\t\t<div class=\"elementor-widget-container\">\n\t\t\t\t\t\t\t<div class=\"elementor-spacer\">\n\t\t\t<div class=\"elementor-spacer-inner\"><\/div>\n\t\t<\/div>\n\t\t\t\t\t\t<\/div>\n\t\t\t\t<\/div>\n\t\t\t\t\t<\/div>\n\t\t<\/div>\n\t\t\t\t\t<\/div>\n\t\t<\/section>\n\t\t\t\t<section class=\"elementor-section elementor-top-section elementor-element elementor-element-36f2ae4 elementor-section-stretched elementor-section-boxed elementor-section-height-default elementor-section-height-default\" data-id=\"36f2ae4\" data-element_type=\"section\" data-e-type=\"section\" data-settings=\"{&quot;stretch_section&quot;:&quot;section-stretched&quot;,&quot;background_background&quot;:&quot;classic&quot;}\">\n\t\t\t\t\t\t<div class=\"elementor-container elementor-column-gap-no\">\n\t\t\t\t\t<div class=\"elementor-column elementor-col-100 elementor-top-column elementor-element elementor-element-60482f2\" data-id=\"60482f2\" data-element_type=\"column\" data-e-type=\"column\">\n\t\t\t<div class=\"elementor-widget-wrap elementor-element-populated\">\n\t\t\t\t\t\t<div class=\"elementor-element elementor-element-e9d66b7 elementor-arrows-position-inside elementor-pagination-position-outside elementor-widget elementor-widget-image-carousel\" data-id=\"e9d66b7\" data-element_type=\"widget\" data-e-type=\"widget\" data-settings=\"{&quot;autoplay_speed&quot;:1000,&quot;speed&quot;:5000,&quot;slides_to_show&quot;:&quot;3&quot;,&quot;slides_to_scroll&quot;:&quot;3&quot;,&quot;navigation&quot;:&quot;both&quot;,&quot;autoplay&quot;:&quot;yes&quot;,&quot;pause_on_hover&quot;:&quot;yes&quot;,&quot;pause_on_interaction&quot;:&quot;yes&quot;,&quot;infinite&quot;:&quot;yes&quot;,&quot;image_spacing_custom&quot;:{&quot;unit&quot;:&quot;px&quot;,&quot;size&quot;:20,&quot;sizes&quot;:[]},&quot;image_spacing_custom_tablet&quot;:{&quot;unit&quot;:&quot;px&quot;,&quot;size&quot;:&quot;&quot;,&quot;sizes&quot;:[]},&quot;image_spacing_custom_mobile&quot;:{&quot;unit&quot;:&quot;px&quot;,&quot;size&quot;:&quot;&quot;,&quot;sizes&quot;:[]}}\" data-widget_type=\"image-carousel.default\">\n\t\t\t\t<div class=\"elementor-widget-container\">\n\t\t\t\t\t\t\t<div class=\"elementor-image-carousel-wrapper swiper\" role=\"region\" aria-roledescription=\"carousel\" aria-label=\"Carrusel de im\u00e1genes\" dir=\"ltr\">\n\t\t\t<div class=\"elementor-image-carousel swiper-wrapper\" aria-live=\"off\">\n\t\t\t\t\t\t\t\t<div class=\"swiper-slide\" role=\"group\" aria-roledescription=\"slide\" aria-label=\"1 de 9\"><figure class=\"swiper-slide-inner\"><img decoding=\"async\" class=\"swiper-slide-image\" src=\"https:\/\/tulpaconsultores.com\/es\/wp-content\/uploads\/elementor\/thumbs\/ff3931e7-2f14-4e02-858a-3b5263c6685f-q66t24gg4luux2cmaia5z7uu9ntz5x1yhw2hagfeo0.jpg\" alt=\"Sociocultural\" \/><\/figure><\/div><div class=\"swiper-slide\" role=\"group\" aria-roledescription=\"slide\" aria-label=\"2 de 9\"><figure class=\"swiper-slide-inner\"><img decoding=\"async\" class=\"swiper-slide-image\" src=\"https:\/\/tulpaconsultores.com\/es\/wp-content\/uploads\/elementor\/thumbs\/IMG_2269-q66t2a3h9m2kuq4fdkpxe6fltz26g3ocinze6471mo.jpeg\" alt=\"Charlas de formaci\u00f3n\" \/><\/figure><\/div><div class=\"swiper-slide\" role=\"group\" aria-roledescription=\"slide\" aria-label=\"3 de 9\"><figure class=\"swiper-slide-inner\"><img decoding=\"async\" class=\"swiper-slide-image\" src=\"https:\/\/tulpaconsultores.com\/es\/wp-content\/uploads\/elementor\/thumbs\/IMG_1444-q66t279yp3ypvw8iu1i1op581tg2t0d5ia0xqab85c.jpeg\" alt=\"Trabajos en campo\" \/><\/figure><\/div><div class=\"swiper-slide\" role=\"group\" aria-roledescription=\"slide\" aria-label=\"4 de 9\"><figure class=\"swiper-slide-inner\"><img decoding=\"async\" class=\"swiper-slide-image\" src=\"https:\/\/tulpaconsultores.com\/es\/wp-content\/uploads\/elementor\/thumbs\/IMG_2165-q66t287svy007i75ojwo96won7bg0pgvueof7k9tz4.jpeg\" alt=\"Charlas de formaci\u00f3n\" \/><\/figure><\/div><div class=\"swiper-slide\" role=\"group\" aria-roledescription=\"slide\" aria-label=\"5 de 9\"><figure class=\"swiper-slide-inner\"><img decoding=\"async\" class=\"swiper-slide-image\" src=\"https:\/\/tulpaconsultores.com\/es\/wp-content\/uploads\/elementor\/thumbs\/IMG_3906-scaled-q6dnx2dtu1et6bkjsfr4n4nji3835illc66qb9o45c.jpg\" alt=\"IMG_3906\" \/><\/figure><\/div><div class=\"swiper-slide\" role=\"group\" aria-roledescription=\"slide\" aria-label=\"6 de 9\"><figure class=\"swiper-slide-inner\"><img decoding=\"async\" class=\"swiper-slide-image\" src=\"https:\/\/tulpaconsultores.com\/es\/wp-content\/uploads\/elementor\/thumbs\/IMG_1366-q66t25eabfw58ob950osjpmav1pcdm5ou0pyrqe0hs.jpeg\" alt=\"Charlas de formaci\u00f3n\" \/><\/figure><\/div><div class=\"swiper-slide\" role=\"group\" aria-roledescription=\"slide\" aria-label=\"7 de 9\"><figure class=\"swiper-slide-inner\"><img decoding=\"async\" class=\"swiper-slide-image\" src=\"https:\/\/tulpaconsultores.com\/es\/wp-content\/uploads\/elementor\/thumbs\/DSC_9998-scaled-q6j1p4axqh3otwgpjdi1c8vhkx58ws1q4fharc7f28.jpg\" alt=\"Trabajos en campo\" \/><\/figure><\/div><div class=\"swiper-slide\" role=\"group\" aria-roledescription=\"slide\" aria-label=\"8 de 9\"><figure class=\"swiper-slide-inner\"><img decoding=\"async\" class=\"swiper-slide-image\" src=\"https:\/\/tulpaconsultores.com\/es\/wp-content\/uploads\/elementor\/thumbs\/IMG_3143-scaled-q6j26pu5ot6y72wgrzcl0t05ymen0rwt7j6k7u42kg.jpg\" alt=\"Foto Mesa redonda\" \/><\/figure><\/div><div class=\"swiper-slide\" role=\"group\" aria-roledescription=\"slide\" aria-label=\"9 de 9\"><figure class=\"swiper-slide-inner\"><img decoding=\"async\" class=\"swiper-slide-image\" src=\"https:\/\/tulpaconsultores.com\/es\/wp-content\/uploads\/elementor\/thumbs\/DSC_0023-scaled-q6j1o6gqwftd7xtv0yvguhew71s17obdzrzthdlla8.jpg\" alt=\"Trabajo de campo\" \/><\/figure><\/div>\t\t\t<\/div>\n\t\t\t\t\t\t\t\t\t\t\t\t<div class=\"elementor-swiper-button elementor-swiper-button-prev\" role=\"button\" tabindex=\"0\">\n\t\t\t\t\t\t<i aria-hidden=\"true\" class=\"eicon-chevron-left\"><\/i>\t\t\t\t\t<\/div>\n\t\t\t\t\t<div class=\"elementor-swiper-button elementor-swiper-button-next\" role=\"button\" tabindex=\"0\">\n\t\t\t\t\t\t<i aria-hidden=\"true\" class=\"eicon-chevron-right\"><\/i>\t\t\t\t\t<\/div>\n\t\t\t\t\n\t\t\t\t\t\t\t\t\t<div class=\"swiper-pagination\"><\/div>\n\t\t\t\t\t\t\t\t\t<\/div>\n\t\t\t\t\t\t<\/div>\n\t\t\t\t<\/div>\n\t\t\t\t\t<\/div>\n\t\t<\/div>\n\t\t\t\t\t<\/div>\n\t\t<\/section>\n\t\t\t\t<\/div>\n\t\t","protected":false},"excerpt":{"rendered":"<p>Portafolio de soluciones Estudios Socioculturales Investigaciones que se enfocan en comprender y analizar las interacciones entre la sociedad y la cultura. Realizamos inmersiones en el contexto de los grupos de inter\u00e9s que se quieren investigar, utilizamos m\u00e9todos y enfoques interdisciplinarios para entender, comprender y explicar temas como la identidad cultural, la diversidad, la socializaci\u00f3n, las &#8230; <a title=\"Servicios\" class=\"read-more\" href=\"https:\/\/tulpaconsultores.com\/es\/servicios\/\" aria-label=\"Leer m\u00e1s sobre Servicios\">Leer m\u00e1s<\/a><\/p>\n","protected":false},"author":1,"featured_media":0,"parent":0,"menu_order":0,"comment_status":"closed","ping_status":"closed","template":"elementor_header_footer","meta":{"_joinchat":[],"footnotes":""},"class_list":["post-1542","page","type-page","status-publish"],"_links":{"self":[{"href":"https:\/\/tulpaconsultores.com\/es\/wp-json\/wp\/v2\/pages\/1542","targetHints":{"allow":["GET"]}}],"collection":[{"href":"https:\/\/tulpaconsultores.com\/es\/wp-json\/wp\/v2\/pages"}],"about":[{"href":"https:\/\/tulpaconsultores.com\/es\/wp-json\/wp\/v2\/types\/page"}],"author":[{"embeddable":true,"href":"https:\/\/tulpaconsultores.com\/es\/wp-json\/wp\/v2\/users\/1"}],"replies":[{"embeddable":true,"href":"https:\/\/tulpaconsultores.com\/es\/wp-json\/wp\/v2\/comments?post=1542"}],"version-history":[{"count":40,"href":"https:\/\/tulpaconsultores.com\/es\/wp-json\/wp\/v2\/pages\/1542\/revisions"}],"predecessor-version":[{"id":1735,"href":"https:\/\/tulpaconsultores.com\/es\/wp-json\/wp\/v2\/pages\/1542\/revisions\/1735"}],"wp:attachment":[{"href":"https:\/\/tulpaconsultores.com\/es\/wp-json\/wp\/v2\/media?parent=1542"}],"curies":[{"name":"wp","href":"https:\/\/api.w.org\/{rel}","templated":true}]}}