{"id":989,"date":"2023-05-17T02:43:44","date_gmt":"2023-05-17T02:43:44","guid":{"rendered":"http:\/\/tulpaconsultores.com\/es\/?page_id=989"},"modified":"2024-03-14T17:36:44","modified_gmt":"2024-03-14T17:36:44","slug":"contacto-2","status":"publish","type":"page","link":"https:\/\/tulpaconsultores.com\/es\/contacto-2\/","title":{"rendered":"Cont\u00e1ctanos"},"content":{"rendered":"\t\t<div data-elementor-type=\"wp-page\" data-elementor-id=\"989\" class=\"elementor elementor-989\">\n\t\t\t\t\t\t<section class=\"elementor-section elementor-top-section elementor-element elementor-element-f82bc64 elementor-section-full_width elementor-section-stretched elementor-section-height-default elementor-section-height-default\" data-id=\"f82bc64\" data-element_type=\"section\" data-e-type=\"section\" data-settings=\"{&quot;stretch_section&quot;:&quot;section-stretched&quot;,&quot;background_background&quot;:&quot;classic&quot;}\">\n\t\t\t\t\t\t<div class=\"elementor-container elementor-column-gap-no\">\n\t\t\t\t\t<div class=\"elementor-column elementor-col-100 elementor-top-column elementor-element elementor-element-2dabc00\" data-id=\"2dabc00\" data-element_type=\"column\" data-e-type=\"column\">\n\t\t\t<div class=\"elementor-widget-wrap elementor-element-populated\">\n\t\t\t\t\t\t<div class=\"elementor-element elementor-element-1f0dbf9 elementor-widget elementor-widget-spacer\" data-id=\"1f0dbf9\" data-element_type=\"widget\" data-e-type=\"widget\" data-widget_type=\"spacer.default\">\n\t\t\t\t<div class=\"elementor-widget-container\">\n\t\t\t\t\t\t\t<div class=\"elementor-spacer\">\n\t\t\t<div class=\"elementor-spacer-inner\"><\/div>\n\t\t<\/div>\n\t\t\t\t\t\t<\/div>\n\t\t\t\t<\/div>\n\t\t\t\t<div class=\"elementor-element elementor-element-31b8420 elementor-widget elementor-widget-text-editor\" data-id=\"31b8420\" data-element_type=\"widget\" data-e-type=\"widget\" data-widget_type=\"text-editor.default\">\n\t\t\t\t<div class=\"elementor-widget-container\">\n\t\t\t\t\t\t\t\t\t<p>Cont\u00e1ctanos<\/p>\t\t\t\t\t\t\t\t<\/div>\n\t\t\t\t<\/div>\n\t\t\t\t<div class=\"elementor-element elementor-element-3764243 elementor-widget elementor-widget-spacer\" data-id=\"3764243\" data-element_type=\"widget\" data-e-type=\"widget\" data-widget_type=\"spacer.default\">\n\t\t\t\t<div class=\"elementor-widget-container\">\n\t\t\t\t\t\t\t<div class=\"elementor-spacer\">\n\t\t\t<div class=\"elementor-spacer-inner\"><\/div>\n\t\t<\/div>\n\t\t\t\t\t\t<\/div>\n\t\t\t\t<\/div>\n\t\t\t\t\t<\/div>\n\t\t<\/div>\n\t\t\t\t\t<\/div>\n\t\t<\/section>\n\t\t\t\t<section class=\"elementor-section elementor-top-section elementor-element elementor-element-1087514 elementor-section-boxed elementor-section-height-default elementor-section-height-default\" data-id=\"1087514\" data-element_type=\"section\" data-e-type=\"section\">\n\t\t\t\t\t\t<div class=\"elementor-container elementor-column-gap-default\">\n\t\t\t\t\t<div class=\"elementor-column elementor-col-100 elementor-top-column elementor-element elementor-element-eaab9ab\" data-id=\"eaab9ab\" data-element_type=\"column\" data-e-type=\"column\">\n\t\t\t<div class=\"elementor-widget-wrap elementor-element-populated\">\n\t\t\t\t\t\t<div class=\"elementor-element elementor-element-7a8c887 elementor-widget elementor-widget-spacer\" data-id=\"7a8c887\" data-element_type=\"widget\" data-e-type=\"widget\" data-widget_type=\"spacer.default\">\n\t\t\t\t<div class=\"elementor-widget-container\">\n\t\t\t\t\t\t\t<div class=\"elementor-spacer\">\n\t\t\t<div class=\"elementor-spacer-inner\"><\/div>\n\t\t<\/div>\n\t\t\t\t\t\t<\/div>\n\t\t\t\t<\/div>\n\t\t\t\t\t<\/div>\n\t\t<\/div>\n\t\t\t\t\t<\/div>\n\t\t<\/section>\n\t\t\t\t<section class=\"elementor-section elementor-top-section elementor-element elementor-element-ac98ccc elementor-section-boxed elementor-section-height-default elementor-section-height-default\" data-id=\"ac98ccc\" data-element_type=\"section\" data-e-type=\"section\" id=\"Contacto\" data-settings=\"{&quot;background_background&quot;:&quot;classic&quot;}\">\n\t\t\t\t\t\t<div class=\"elementor-container elementor-column-gap-default\">\n\t\t\t\t\t<div class=\"elementor-column elementor-col-50 elementor-top-column elementor-element elementor-element-18752d4\" data-id=\"18752d4\" data-element_type=\"column\" data-e-type=\"column\" data-settings=\"{&quot;background_background&quot;:&quot;classic&quot;}\">\n\t\t\t<div class=\"elementor-widget-wrap elementor-element-populated\">\n\t\t\t\t\t\t<div class=\"elementor-element elementor-element-9ed2e5a elementor-widget elementor-widget-heading\" data-id=\"9ed2e5a\" data-element_type=\"widget\" data-e-type=\"widget\" data-widget_type=\"heading.default\">\n\t\t\t\t<div class=\"elementor-widget-container\">\n\t\t\t\t\t<h2 class=\"elementor-heading-title elementor-size-default\">nuestros profesionales estas disponibles para ti<\/h2>\t\t\t\t<\/div>\n\t\t\t\t<\/div>\n\t\t\t\t<div class=\"elementor-element elementor-element-635f030 elementor-widget elementor-widget-elementskit-contact-form7\" data-id=\"635f030\" data-element_type=\"widget\" data-e-type=\"widget\" data-widget_type=\"elementskit-contact-form7.default\">\n\t\t\t\t<div class=\"elementor-widget-container\">\n\t\t\t\t\t<div class=\"ekit-wid-con\" ><div class=\"ekit-form\">[contact-form-7 id=\"4\"]<\/div><\/div>\t\t\t\t<\/div>\n\t\t\t\t<\/div>\n\t\t\t\t\t<\/div>\n\t\t<\/div>\n\t\t\t\t<div class=\"elementor-column elementor-col-50 elementor-top-column elementor-element elementor-element-11e6768\" data-id=\"11e6768\" data-element_type=\"column\" data-e-type=\"column\">\n\t\t\t<div class=\"elementor-widget-wrap elementor-element-populated\">\n\t\t\t\t\t\t<div class=\"elementor-element elementor-element-908acb1 elementor-widget elementor-widget-image\" data-id=\"908acb1\" data-element_type=\"widget\" data-e-type=\"widget\" data-widget_type=\"image.default\">\n\t\t\t\t<div class=\"elementor-widget-container\">\n\t\t\t\t\t\t\t\t\t\t\t\t\t\t\t<img fetchpriority=\"high\" decoding=\"async\" width=\"1024\" height=\"1024\" src=\"https:\/\/tulpaconsultores.com\/es\/wp-content\/uploads\/2023\/05\/DSC_0708.2-1024x1024.jpg\" class=\"attachment-large size-large wp-image-1009\" alt=\"Equipo\" srcset=\"https:\/\/tulpaconsultores.com\/es\/wp-content\/uploads\/2023\/05\/DSC_0708.2-1024x1024.jpg 1024w, https:\/\/tulpaconsultores.com\/es\/wp-content\/uploads\/2023\/05\/DSC_0708.2-300x300.jpg 300w, https:\/\/tulpaconsultores.com\/es\/wp-content\/uploads\/2023\/05\/DSC_0708.2-150x150.jpg 150w, https:\/\/tulpaconsultores.com\/es\/wp-content\/uploads\/2023\/05\/DSC_0708.2-768x768.jpg 768w, https:\/\/tulpaconsultores.com\/es\/wp-content\/uploads\/2023\/05\/DSC_0708.2-1536x1536.jpg 1536w, https:\/\/tulpaconsultores.com\/es\/wp-content\/uploads\/2023\/05\/DSC_0708.2-2048x2048.jpg 2048w, https:\/\/tulpaconsultores.com\/es\/wp-content\/uploads\/2023\/05\/DSC_0708.2-1080x1080.jpg 1080w\" sizes=\"(max-width: 1024px) 100vw, 1024px\" \/>\t\t\t\t\t\t\t\t\t\t\t\t\t\t\t<\/div>\n\t\t\t\t<\/div>\n\t\t\t\t\t<\/div>\n\t\t<\/div>\n\t\t\t\t\t<\/div>\n\t\t<\/section>\n\t\t\t\t<section class=\"elementor-section elementor-top-section elementor-element elementor-element-4510930 elementor-section-boxed elementor-section-height-default elementor-section-height-default\" data-id=\"4510930\" data-element_type=\"section\" data-e-type=\"section\" data-settings=\"{&quot;background_background&quot;:&quot;classic&quot;}\">\n\t\t\t\t\t\t<div class=\"elementor-container elementor-column-gap-default\">\n\t\t\t\t\t<div class=\"elementor-column elementor-col-100 elementor-top-column elementor-element elementor-element-0300bf4\" data-id=\"0300bf4\" data-element_type=\"column\" data-e-type=\"column\">\n\t\t\t<div class=\"elementor-widget-wrap elementor-element-populated\">\n\t\t\t\t\t\t<div class=\"elementor-element elementor-element-39af14b elementor-widget elementor-widget-spacer\" data-id=\"39af14b\" data-element_type=\"widget\" data-e-type=\"widget\" data-widget_type=\"spacer.default\">\n\t\t\t\t<div class=\"elementor-widget-container\">\n\t\t\t\t\t\t\t<div class=\"elementor-spacer\">\n\t\t\t<div class=\"elementor-spacer-inner\"><\/div>\n\t\t<\/div>\n\t\t\t\t\t\t<\/div>\n\t\t\t\t<\/div>\n\t\t\t\t<div class=\"elementor-element elementor-element-e1bc7cb elementor-widget elementor-widget-heading\" data-id=\"e1bc7cb\" data-element_type=\"widget\" data-e-type=\"widget\" data-widget_type=\"heading.default\">\n\t\t\t\t<div class=\"elementor-widget-container\">\n\t\t\t\t\t<h2 class=\"elementor-heading-title elementor-size-default\">Medios de comunicaci\u00f3n<\/h2>\t\t\t\t<\/div>\n\t\t\t\t<\/div>\n\t\t\t\t<section class=\"elementor-section elementor-inner-section elementor-element elementor-element-988a68e elementor-section-boxed elementor-section-height-default elementor-section-height-default\" data-id=\"988a68e\" data-element_type=\"section\" data-e-type=\"section\">\n\t\t\t\t\t\t<div class=\"elementor-container elementor-column-gap-default\">\n\t\t\t\t\t<div class=\"elementor-column elementor-col-33 elementor-inner-column elementor-element elementor-element-5db2882\" data-id=\"5db2882\" data-element_type=\"column\" data-e-type=\"column\">\n\t\t\t<div class=\"elementor-widget-wrap elementor-element-populated\">\n\t\t\t\t\t\t<div class=\"elementor-element elementor-element-cb5459c elementor-position-inline-start elementor-view-default elementor-mobile-position-block-start elementor-widget elementor-widget-icon-box\" data-id=\"cb5459c\" data-element_type=\"widget\" data-e-type=\"widget\" data-widget_type=\"icon-box.default\">\n\t\t\t\t<div class=\"elementor-widget-container\">\n\t\t\t\t\t\t\t<div class=\"elementor-icon-box-wrapper\">\n\n\t\t\t\t\t\t<div class=\"elementor-icon-box-icon\">\n\t\t\t\t<span  class=\"elementor-icon\">\n\t\t\t\t<svg xmlns=\"http:\/\/www.w3.org\/2000\/svg\" id=\"Capa_1\" data-name=\"Capa 1\" viewBox=\"0 0 300 300\"><defs><style>.cls-1{fill:#f9b800;}.cls-2,.cls-3{fill:#243064;}.cls-3{fill-rule:evenodd;}<\/style><\/defs><path class=\"cls-1\" d=\"M276.12,150.79A126.12,126.12,0,1,1,150.79,23.88,126.12,126.12,0,0,1,276.12,150.79\"><\/path><path class=\"cls-2\" d=\"M81.42,220.94l10.76-39.16a72.65,72.65,0,1,1,28.74,28.84Zm41.55-25,2.47,1.51a59,59,0,1,0-20-20.12l1.51,2.52-6,21.86Z\"><\/path><path class=\"cls-3\" d=\"M182.63,157.42c-3-1.8-6.83-3.82-10.35-2.4-2.71,1.09-4.46,5.29-6.21,7.44a2.6,2.6,0,0,1-3.35.7,47.08,47.08,0,0,1-23.33-20.24c-.93-1.45-.76-2.59.39-3.92,1.71-2,3.83-4.22,4.3-6.89s-.76-5.81-1.85-8.2c-1.39-3-2.94-7.4-6-9.14-2.8-1.61-6.5-.74-9,1.27a18.27,18.27,0,0,0-6.42,14.43,20.3,20.3,0,0,0,.54,4.6,37.87,37.87,0,0,0,4.34,10.17,80,80,0,0,0,4.55,7,70.83,70.83,0,0,0,19.82,18.64,60.09,60.09,0,0,0,12.4,6c4.86,1.65,9.19,3.34,14.46,2.38,5.51-1,10.95-4.39,13.17-9.68a8.41,8.41,0,0,0,.65-5c-.73-3.43-5.36-5.51-8.13-7.18\"><\/path><\/svg>\t\t\t\t<\/span>\n\t\t\t<\/div>\n\t\t\t\n\t\t\t\t\t\t<div class=\"elementor-icon-box-content\">\n\n\t\t\t\t\t\t\t\t\t<h3 class=\"elementor-icon-box-title\">\n\t\t\t\t\t\t<span  >\n\t\t\t\t\t\t\t(+57) 321 452 3450\t\t\t\t\t\t<\/span>\n\t\t\t\t\t<\/h3>\n\t\t\t\t\n\t\t\t\t\n\t\t\t<\/div>\n\t\t\t\n\t\t<\/div>\n\t\t\t\t\t\t<\/div>\n\t\t\t\t<\/div>\n\t\t\t\t\t<\/div>\n\t\t<\/div>\n\t\t\t\t<div class=\"elementor-column elementor-col-33 elementor-inner-column elementor-element elementor-element-295388f\" data-id=\"295388f\" data-element_type=\"column\" data-e-type=\"column\">\n\t\t\t<div class=\"elementor-widget-wrap elementor-element-populated\">\n\t\t\t\t\t\t<div class=\"elementor-element elementor-element-30ae8be elementor-position-inline-start elementor-view-default elementor-mobile-position-block-start elementor-widget elementor-widget-icon-box\" data-id=\"30ae8be\" data-element_type=\"widget\" data-e-type=\"widget\" data-widget_type=\"icon-box.default\">\n\t\t\t\t<div class=\"elementor-widget-container\">\n\t\t\t\t\t\t\t<div class=\"elementor-icon-box-wrapper\">\n\n\t\t\t\t\t\t<div class=\"elementor-icon-box-icon\">\n\t\t\t\t<span  class=\"elementor-icon\">\n\t\t\t\t<svg xmlns=\"http:\/\/www.w3.org\/2000\/svg\" id=\"Capa_1\" data-name=\"Capa 1\" viewBox=\"0 0 300 300\"><defs><style>.cls-1{fill:#f9b800;}.cls-2{fill:#243064;}<\/style><\/defs><path class=\"cls-1\" d=\"M276.12,150.78A126.12,126.12,0,1,1,150.79,23.88a126.12,126.12,0,0,1,125.33,126.9\"><\/path><path class=\"cls-2\" d=\"M89,95.72l49.72,57.11a15,15,0,0,0,22.5.14l49.54-55.51a5,5,0,0,1,1.4-1.1,17.12,17.12,0,0,0-6.79-1.47L95.31,94.21a16.86,16.86,0,0,0-6.54,1.26c.07.08.17.15.25.25\"><\/path><path class=\"cls-2\" d=\"M219.72,103a5.46,5.46,0,0,1-1,1.62L169.2,160.08a25.65,25.65,0,0,1-38.52-.24L81,102.73a4,4,0,0,1-.25-.37,16.82,16.82,0,0,0-2.51,8.74L77.72,188a17,17,0,0,0,16.89,17.12l110.08.68a17,17,0,0,0,17.11-16.9l.49-76.88a17,17,0,0,0-2.57-9.06\"><\/path><\/svg>\t\t\t\t<\/span>\n\t\t\t<\/div>\n\t\t\t\n\t\t\t\t\t\t<div class=\"elementor-icon-box-content\">\n\n\t\t\t\t\t\t\t\t\t<h3 class=\"elementor-icon-box-title\">\n\t\t\t\t\t\t<span  >\n\t\t\t\t\t\t\tmbotero@tulpaconsultores.com\t\t\t\t\t\t<\/span>\n\t\t\t\t\t<\/h3>\n\t\t\t\t\n\t\t\t\t\n\t\t\t<\/div>\n\t\t\t\n\t\t<\/div>\n\t\t\t\t\t\t<\/div>\n\t\t\t\t<\/div>\n\t\t\t\t\t<\/div>\n\t\t<\/div>\n\t\t\t\t<div class=\"elementor-column elementor-col-33 elementor-inner-column elementor-element elementor-element-cf790b3\" data-id=\"cf790b3\" data-element_type=\"column\" data-e-type=\"column\">\n\t\t\t<div class=\"elementor-widget-wrap elementor-element-populated\">\n\t\t\t\t\t\t<div class=\"elementor-element elementor-element-11ea178 elementor-icon-list--layout-inline elementor-align-center elementor-list-item-link-full_width elementor-widget elementor-widget-icon-list\" data-id=\"11ea178\" data-element_type=\"widget\" data-e-type=\"widget\" data-widget_type=\"icon-list.default\">\n\t\t\t\t<div class=\"elementor-widget-container\">\n\t\t\t\t\t\t\t<ul class=\"elementor-icon-list-items elementor-inline-items\">\n\t\t\t\t\t\t\t<li class=\"elementor-icon-list-item elementor-inline-item\">\n\t\t\t\t\t\t\t\t\t\t\t<a href=\"https:\/\/www.youtube.com\/channel\/UCkFD_g3Wn1uVOkjyrXWx_8Q\" target=\"_blank\">\n\n\t\t\t\t\t\t\t\t\t\t\t\t<span class=\"elementor-icon-list-icon\">\n\t\t\t\t\t\t\t<svg xmlns=\"http:\/\/www.w3.org\/2000\/svg\" id=\"Capa_1\" data-name=\"Capa 1\" viewBox=\"0 0 300 300\"><defs><style>.cls-1{fill:#f9b800;}.cls-2{fill:#243064;}<\/style><\/defs><path class=\"cls-1\" d=\"M150,283.11h0A133.11,133.11,0,1,1,283.12,150,133.12,133.12,0,0,1,150,283.11\"><\/path><path class=\"cls-2\" d=\"M228.23,110.44A20.53,20.53,0,0,0,213.8,95.92c-12.74-3.44-63.8-3.44-63.8-3.44s-51.06,0-63.8,3.44a20.49,20.49,0,0,0-14.43,14.52C68.36,123.26,68.36,150,68.36,150s0,26.74,3.41,39.55A20.49,20.49,0,0,0,86.2,204.08c12.74,3.44,63.8,3.44,63.8,3.44s51.06,0,63.8-3.44a20.52,20.52,0,0,0,14.43-14.53c3.4-12.81,3.4-39.55,3.4-39.55s0-26.74-3.4-39.56\"><\/path><polygon class=\"cls-1\" points=\"133.3 174.28 133.3 125.72 175.97 150 133.3 174.28\"><\/polygon><\/svg>\t\t\t\t\t\t<\/span>\n\t\t\t\t\t\t\t\t\t\t<span class=\"elementor-icon-list-text\"><\/span>\n\t\t\t\t\t\t\t\t\t\t\t<\/a>\n\t\t\t\t\t\t\t\t\t<\/li>\n\t\t\t\t\t\t\t\t<li class=\"elementor-icon-list-item elementor-inline-item\">\n\t\t\t\t\t\t\t\t\t\t\t<a href=\"https:\/\/co.linkedin.com\/company\/tulpa-consultores\" target=\"_blank\">\n\n\t\t\t\t\t\t\t\t\t\t\t\t<span class=\"elementor-icon-list-icon\">\n\t\t\t\t\t\t\t<svg xmlns=\"http:\/\/www.w3.org\/2000\/svg\" id=\"Capa_1\" data-name=\"Capa 1\" viewBox=\"0 0 300 300\"><defs><style>.cls-1{fill:#f9b800;}.cls-2{fill:#243064;}<\/style><\/defs><path class=\"cls-1\" d=\"M150,283.11h0A133.11,133.11,0,1,1,283.12,150,133.11,133.11,0,0,1,150,283.11\"><\/path><rect class=\"cls-2\" x=\"89.64\" y=\"120.32\" width=\"27.55\" height=\"89\"><\/rect><path class=\"cls-2\" d=\"M103.29,108.67A16.43,16.43,0,1,0,87,92.25a16.35,16.35,0,0,0,16.29,16.42\"><\/path><path class=\"cls-2\" d=\"M161.23,162.6c0-12.5,5.76-19.95,16.79-19.95,10.12,0,15,7.15,15,19.95v46.72h27.42V153c0-23.83-13.51-35.36-32.38-35.36a31,31,0,0,0-26.82,14.7v-12H134.8v89h26.43Z\"><\/path><\/svg>\t\t\t\t\t\t<\/span>\n\t\t\t\t\t\t\t\t\t\t<span class=\"elementor-icon-list-text\"><\/span>\n\t\t\t\t\t\t\t\t\t\t\t<\/a>\n\t\t\t\t\t\t\t\t\t<\/li>\n\t\t\t\t\t\t\t\t<li class=\"elementor-icon-list-item elementor-inline-item\">\n\t\t\t\t\t\t\t\t\t\t\t<a href=\"https:\/\/www.instagram.com\/tulpa_consultores\/\" target=\"_blank\">\n\n\t\t\t\t\t\t\t\t\t\t\t\t<span class=\"elementor-icon-list-icon\">\n\t\t\t\t\t\t\t<svg xmlns=\"http:\/\/www.w3.org\/2000\/svg\" id=\"Capa_1\" data-name=\"Capa 1\" viewBox=\"0 0 300 300\"><defs><style>.cls-1{fill:#f9b800;}.cls-2{fill:#243064;}<\/style><\/defs><path class=\"cls-1\" d=\"M150,282.69h0A132.69,132.69,0,1,1,282.7,150,132.7,132.7,0,0,1,150,282.69\"><\/path><path class=\"cls-2\" d=\"M150,90.36c19.43,0,21.73.07,29.41.42,7.08.32,10.93,1.51,13.5,2.51a24,24,0,0,1,13.81,13.81c1,2.56,2.18,6.41,2.5,13.5.36,7.68.42,10,.42,29.4s-.06,21.73-.42,29.4c-.32,7.09-1.5,10.94-2.5,13.52a24.07,24.07,0,0,1-13.81,13.8c-2.57,1-6.42,2.18-13.5,2.5-7.68.35-10,.42-29.41.42s-21.73-.07-29.4-.42c-7.09-.32-10.94-1.51-13.5-2.5a24,24,0,0,1-13.81-13.8c-1-2.58-2.18-6.43-2.51-13.52-.35-7.67-.42-10-.42-29.4s.07-21.72.42-29.4c.33-7.09,1.51-10.94,2.51-13.5A24,24,0,0,1,107.1,93.29c2.56-1,6.41-2.19,13.5-2.51,7.67-.35,10-.42,29.4-.42m0-13.12c-19.75,0-22.23.09-30,.44a53.49,53.49,0,0,0-17.66,3.39,37.22,37.22,0,0,0-21.29,21.28A53.48,53.48,0,0,0,77.69,120c-.35,7.77-.45,10.24-.45,30s.1,22.24.45,30a53.72,53.72,0,0,0,3.37,17.67,37.32,37.32,0,0,0,21.29,21.27A53.52,53.52,0,0,0,120,222.32c7.76.36,10.24.44,30,.44s22.23-.08,30-.44a53.45,53.45,0,0,0,17.65-3.38,37.32,37.32,0,0,0,21.29-21.27A53.43,53.43,0,0,0,222.32,180c.35-7.76.44-10.24.44-30s-.09-22.23-.44-30a53.19,53.19,0,0,0-3.38-17.65,35.72,35.72,0,0,0-8.4-12.89,35.31,35.31,0,0,0-12.89-8.39A53.42,53.42,0,0,0,180,77.68c-7.77-.35-10.24-.44-30-.44\"><\/path><path class=\"cls-2\" d=\"M150,112.65A37.36,37.36,0,1,0,187.36,150,37.35,37.35,0,0,0,150,112.65m0,61.6A24.25,24.25,0,1,1,174.26,150,24.25,24.25,0,0,1,150,174.25\"><\/path><path class=\"cls-2\" d=\"M197.57,111.17a8.73,8.73,0,1,1-8.73-8.74,8.72,8.72,0,0,1,8.73,8.74\"><\/path><\/svg>\t\t\t\t\t\t<\/span>\n\t\t\t\t\t\t\t\t\t\t<span class=\"elementor-icon-list-text\"><\/span>\n\t\t\t\t\t\t\t\t\t\t\t<\/a>\n\t\t\t\t\t\t\t\t\t<\/li>\n\t\t\t\t\t\t\t\t<li class=\"elementor-icon-list-item elementor-inline-item\">\n\t\t\t\t\t\t\t\t\t\t\t<a href=\"https:\/\/www.facebook.com\/tulpaconsultores\/\" target=\"_blank\">\n\n\t\t\t\t\t\t\t\t\t\t\t\t<span class=\"elementor-icon-list-icon\">\n\t\t\t\t\t\t\t<svg xmlns=\"http:\/\/www.w3.org\/2000\/svg\" id=\"Capa_1\" data-name=\"Capa 1\" viewBox=\"0 0 300 300\"><defs><style>.cls-1{fill:#f9b800;}.cls-2{fill:#243064;}<\/style><\/defs><path class=\"cls-1\" d=\"M150,282.69h0A132.69,132.69,0,1,1,282.69,150,132.68,132.68,0,0,1,150,282.69\"><\/path><path class=\"cls-2\" d=\"M129.78,230.21h32.3V149.33h22.54l2.4-27.09H162.08V106.81c0-6.38,1.29-8.91,7.46-8.91H187V69.79H164.66c-24,0-34.88,10.6-34.88,30.86v21.59H113v27.42h16.8Z\"><\/path><\/svg>\t\t\t\t\t\t<\/span>\n\t\t\t\t\t\t\t\t\t\t<span class=\"elementor-icon-list-text\"><\/span>\n\t\t\t\t\t\t\t\t\t\t\t<\/a>\n\t\t\t\t\t\t\t\t\t<\/li>\n\t\t\t\t\t\t<\/ul>\n\t\t\t\t\t\t<\/div>\n\t\t\t\t<\/div>\n\t\t\t\t\t<\/div>\n\t\t<\/div>\n\t\t\t\t\t<\/div>\n\t\t<\/section>\n\t\t\t\t<div class=\"elementor-element elementor-element-af9d9d8 elementor-widget elementor-widget-spacer\" data-id=\"af9d9d8\" data-element_type=\"widget\" data-e-type=\"widget\" data-widget_type=\"spacer.default\">\n\t\t\t\t<div class=\"elementor-widget-container\">\n\t\t\t\t\t\t\t<div class=\"elementor-spacer\">\n\t\t\t<div class=\"elementor-spacer-inner\"><\/div>\n\t\t<\/div>\n\t\t\t\t\t\t<\/div>\n\t\t\t\t<\/div>\n\t\t\t\t\t<\/div>\n\t\t<\/div>\n\t\t\t\t\t<\/div>\n\t\t<\/section>\n\t\t\t\t<\/div>\n\t\t","protected":false},"excerpt":{"rendered":"<p>Cont\u00e1ctanos nuestros profesionales estas disponibles para ti Nombre Correo electr\u00f3nico Mensaje Medios de comunicaci\u00f3n (+57) 321 452 3450 mbotero@tulpaconsultores.com<\/p>\n","protected":false},"author":1,"featured_media":0,"parent":0,"menu_order":0,"comment_status":"closed","ping_status":"closed","template":"","meta":{"_joinchat":[],"footnotes":""},"class_list":["post-989","page","type-page","status-publish"],"_links":{"self":[{"href":"https:\/\/tulpaconsultores.com\/es\/wp-json\/wp\/v2\/pages\/989","targetHints":{"allow":["GET"]}}],"collection":[{"href":"https:\/\/tulpaconsultores.com\/es\/wp-json\/wp\/v2\/pages"}],"about":[{"href":"https:\/\/tulpaconsultores.com\/es\/wp-json\/wp\/v2\/types\/page"}],"author":[{"embeddable":true,"href":"https:\/\/tulpaconsultores.com\/es\/wp-json\/wp\/v2\/users\/1"}],"replies":[{"embeddable":true,"href":"https:\/\/tulpaconsultores.com\/es\/wp-json\/wp\/v2\/comments?post=989"}],"version-history":[{"count":64,"href":"https:\/\/tulpaconsultores.com\/es\/wp-json\/wp\/v2\/pages\/989\/revisions"}],"predecessor-version":[{"id":1723,"href":"https:\/\/tulpaconsultores.com\/es\/wp-json\/wp\/v2\/pages\/989\/revisions\/1723"}],"wp:attachment":[{"href":"https:\/\/tulpaconsultores.com\/es\/wp-json\/wp\/v2\/media?parent=989"}],"curies":[{"name":"wp","href":"https:\/\/api.w.org\/{rel}","templated":true}]}}